{"id":7,"date":"2021-04-14T11:25:20","date_gmt":"2021-04-14T09:25:20","guid":{"rendered":"http:\/\/wwt-ksiegowosc.pl\/?page_id=7"},"modified":"2021-04-18T15:59:16","modified_gmt":"2021-04-18T13:59:16","slug":"o-nas","status":"publish","type":"page","link":"https:\/\/wwt-ksiegowosc.pl\/","title":{"rendered":"WWT Ksi\u0119gowo\u015b\u0107"},"content":{"rendered":"\n<h1 class=\"wp-block-heading\">Biuro rachunkowe i us\u0142ugi ksi\u0119gowe <\/h1>\n\n\n\n<p>Je\u015bli prowadzisz w\u0142asn\u0105 dzia\u0142alno\u015b\u0107 gospodarcz\u0105, chcesz oszcz\u0119dzi\u0107 czas i pieni\u0105dze oraz zwi\u0119kszy\u0107 efektywno\u015b\u0107 funkcjonowania swojej firmy, ch\u0119tnie Ci w tym pomo\u017cemy. Tym, co nas wyr\u00f3\u017cnia jest dok\u0142adno\u015b\u0107 i skrupulatno\u015b\u0107, dzi\u0119ki temu nasze us\u0142ugi ksi\u0119gowe w kompleksowy spos\u00f3b wspieraj\u0105 przedsi\u0119biorstwa klient\u00f3w. Wybieraj\u0105c biuro ksi\u0119gowe WWT Sp. z o.o. masz pewno\u015b\u0107, \u017ce Twoja firma jest w dobrych r\u0119kach. Dzia\u0142amy na rynku od wielu lat, pomagaj\u0105c w\u0142a\u015bcicielom firm prowadzi\u0107 biznes efektywnie!<\/p>\n\n\n\n<p>Oferowane us\u0142ugi rachunkowe realizujemy na terenie ca\u0142ej Polski. Miejsce, gdzie znajduje si\u0119 Twoja firma, to dla nas \u017caden problem. Nasze biuro rachunkowe proponuje r\u00f3wnie\u017c efektywn\u0105 wsp\u00f3\u0142prac\u0119 na odleg\u0142o\u015b\u0107. Wszystkie dokumenty mog\u0105 by\u0107 dostarczane kurierem. Je\u015bli zdarzy si\u0119 sytuacja w kt\u00f3rej nasza obecno\u015b\u0107 b\u0119dzie konieczna, dojedziemy na miejsce, aby osobi\u015bcie Ci\u0119 wspom\u00f3c. Przekonaj si\u0119, jak skuteczna jest nasza ksi\u0119gowo\u015b\u0107!<\/p>\n\n\n\n<p>Wsp\u00f3\u0142pracujemy z ma\u0142ymi, \u015brednimi, jak i du\u017cymi firmami w zakresie rachunkowo\u015bci, kadr i p\u0142ac oraz doradztwa podatkowego. Dzia\u0142amy tak\u017ce na rzecz os\u00f3b prywatnych w zakresie us\u0142ug ksi\u0119gowych. Aby naszym Klientom zapewni\u0107 kompleksowe wsparcie oferujemy r\u00f3wnie\u017c porady prawne. Nasz adwokat pomaga w za\u0142atwieniu kwestii formalnych zwi\u0105zanych z prowadzeniem dzia\u0142alno\u015bci. A nasza firma jako kancelaria prawna zajmuje si\u0119 tak\u017ce reprezentowaniem klient\u00f3w w s\u0105dach i urz\u0119dach.<\/p>\n\n\n\n<p>Je\u017celi potrzebujesz wsparcia w zakresie podatk\u00f3w, ksi\u0119gowo\u015bci czy kwestii prawnych, us\u0142ugi rachunkowe, doradztwo prawne i ksi\u0119gowe \u015bwiadczone przez nasze biuro spe\u0142ni\u0105 Twoje oczekiwania..<\/p>\n","protected":false},"excerpt":{"rendered":"<p>Biuro rachunkowe i us\u0142ugi ksi\u0119gowe Je\u015bli prowadzisz w\u0142asn\u0105 dzia\u0142alno\u015b\u0107 gospodarcz\u0105, chcesz oszcz\u0119dzi\u0107 czas i pieni\u0105dze oraz zwi\u0119kszy\u0107 efektywno\u015b\u0107 funkcjonowania swojej<\/p>\n<p><a href=\"https:\/\/wwt-ksiegowosc.pl\/\" class=\"more-link\">Continue reading<span class=\"screen-reader-text\">WWT Ksi\u0119gowo\u015b\u0107<\/span><\/a><\/p>\n","protected":false},"author":1,"featured_media":0,"parent":0,"menu_order":0,"comment_status":"closed","ping_status":"closed","template":"","meta":{"footnotes":""},"class_list":["post-7","page","type-page","status-publish","hentry"],"_links":{"self":[{"href":"https:\/\/wwt-ksiegowosc.pl\/index.php\/wp-json\/wp\/v2\/pages\/7","targetHints":{"allow":["GET"]}}],"collection":[{"href":"https:\/\/wwt-ksiegowosc.pl\/index.php\/wp-json\/wp\/v2\/pages"}],"about":[{"href":"https:\/\/wwt-ksiegowosc.pl\/index.php\/wp-json\/wp\/v2\/types\/page"}],"author":[{"embeddable":true,"href":"https:\/\/wwt-ksiegowosc.pl\/index.php\/wp-json\/wp\/v2\/users\/1"}],"replies":[{"embeddable":true,"href":"https:\/\/wwt-ksiegowosc.pl\/index.php\/wp-json\/wp\/v2\/comments?post=7"}],"version-history":[{"count":3,"href":"https:\/\/wwt-ksiegowosc.pl\/index.php\/wp-json\/wp\/v2\/pages\/7\/revisions"}],"predecessor-version":[{"id":38,"href":"https:\/\/wwt-ksiegowosc.pl\/index.php\/wp-json\/wp\/v2\/pages\/7\/revisions\/38"}],"wp:attachment":[{"href":"https:\/\/wwt-ksiegowosc.pl\/index.php\/wp-json\/wp\/v2\/media?parent=7"}],"curies":[{"name":"wp","href":"https:\/\/api.w.org\/{rel}","templated":true}]}}